{"id":87,"date":"2014-08-28T11:45:14","date_gmt":"2014-08-28T09:45:14","guid":{"rendered":"http:\/\/siriklug.com\/?page_id=87"},"modified":"2025-06-01T00:22:37","modified_gmt":"2025-05-31T22:22:37","slug":"impressum","status":"publish","type":"page","link":"https:\/\/siriklug.com\/?page_id=87","title":{"rendered":"IMPRESSUM"},"content":{"rendered":"<p><a><strong>\u2190 ZUR\u00dcCK \/ BACK<\/strong><\/a><br \/>\nINHALTLICH VERANTWORTLICH:<\/p>\n<p>Frau Siri Klug<br \/>\nKnorrpromenade 7<br \/>\n10245 Berlin \/ Germany<br \/>\nEmail: info@siriklug.com<br \/>\nUmStIdNr:DE264057703<\/p>\n<p>URHEBERRECHT<\/p>\n<p>Die auf dieser Webseite ver\u00f6ffentlichten Inhalte und Werke unterliegen dem deutschen Urheberrecht. Jede Art der Vervielf\u00e4ltigung, Bearbeitung, Verbreitung und jede Art der Verwertung au\u00dferhalb der Grenzen des Urheberrechts bedarf meiner vorherigen schriftlichen Zustimmung bzw. die des jeweiligen Urhebers\/Autors.<\/p>\n<p>HAFTUNGSBESCHR\u00c4NKUNG F\u00dcR EIGENE INHALTE<\/p>\n<p>Alle Inhalte von siriklug.com wurden mit Sorgfalt und nach bestem Gewissen erstellt. Eine Gew\u00e4hr f\u00fcr die Aktualit\u00e4t, Vollst\u00e4ndigkeit und Richtigkeit s\u00e4mtlicher Seiten kann jedoch nicht \u00fcbernommen werden. Gem\u00e4\u00df \u00a7 7 Abs. 1 TMG bin ich f\u00fcr eigene Inhalte auf diesen Seiten nach den allgemeinen Gesetzen verantwortlich, nach den \u00a7\u00a7 8 bis 10 TMG jedoch nicht verpflichtet, die \u00fcbermittelten oder gespeicherten fremden Informationen zu \u00fcberwachen. Eine umgehende Entfernung dieser Inhalte erfolgt ab dem Zeitpunkt der Kenntnis einer konkreten Rechtsverletzung und ich hafte nicht vor dem Zeitpunkt der Kenntniserlangung.<\/p>\n<p>HAFTUNGSBESCHR\u00c4NKUNG F\u00dcR EXTERNE LINKS<\/p>\n<p>Die Webseite siriklug.com enth\u00e4lt sog. \u201cexterne Links\u201d (Verkn\u00fcpfungen zu Webseiten Dritter), auf deren Inhalt ich keinen Einfluss habe und f\u00fcr den ich aus diesem Grund keine Gew\u00e4hr \u00fcbernehme und mich von diesen distanziere. F\u00fcr die Inhalte und Richtigkeit der Informationen ist der jeweilige Informationsanbieter der verlinkten Webseite verantwortlich. Als die Verlinkung vorgenommen wurde, waren f\u00fcr mich keine Rechtsverst\u00f6\u00dfe erkennbar. Sollte mir eine Rechtsverletzung bekannt werden, wird der jeweilige Link umgehend entfernt.<\/p>\n<p>DATENSCHUTZ (Allgemeine Hinweise und Pflichtinformationen)<\/p>\n<p>Die Datenverarbeitung auf dieser Website erfolgt durch die Websitebetreiberin. Meine Kontaktdaten k\u00f6nnen diesem Impressum entnehmen.<\/p>\n<p>Der Zugriff auf unsere Homepage und der Abruf einer auf der Homepage hinterlegten Datei wird automatisch in Server-Log-Dateien protokolliert. Die Speicherung dient internen systembezogenen und statistischen Zwecken.<br \/>\nWeitergehende personenbezogene Daten werden nur erfasst, wenn Sie diese Angaben freiwillig, etwa im Rahmen einer Anfrage (beispielsweise Name, Anschrift oder eMail-Adresse), machen. Ihre Daten werden von mir nicht an Dritte weitergegeben.<\/p>\n<p>Wegen der Impressumspflicht werden meine Kontaktdaten ver\u00f6ffentlicht. Der Speicherung, Nutzung, Verarbeitung und\/oder \u00dcbermittlung meiner Daten zu Werbezwecken oder f\u00fcr die Markt- und Meinungsforschung widerspreche ich hiermit ausdr\u00fccklich. Ich behalte mir rechtliche Schritte bei Nichteinhaltung vor.<\/p>\n<p><em>Server-Log-Dateien<\/em><\/p>\n<p>In Server-Log-Dateien erhebt und speichert der Provider der Website automatisch Informationen, die Ihr Browser automatisch \u00fcbermittelt. Dies sind:<\/p>\n<p>Browsertyp und Browserversion<br \/>\nVerwendetes Betriebssystem<br \/>\nReferrer URL<br \/>\nHostname des zugreifenden Rechners<br \/>\nUhrzeit der Serveranfrage<br \/>\nIP-Adresse<br \/>\nEs findet keine Zusammenf\u00fchrung dieser Daten mit anderen Datenquellen statt. Grundlage der Datenverarbeitung bildet Art. 6 Abs. 1 lit. b DSGVO, der die Verarbeitung von Daten zur Erf\u00fcllung eines Vertrags oder vorvertraglicher Ma\u00dfnahmen gestattet.<\/p>\n<p><em>Kontaktaufnahme<\/em><\/p>\n<p>Falls Sie mir eine E-Mail senden, m\u00fcssen Sie damit leben, dass ich Daten von Ihnen erhalte. Ich sehe dann Ihre E-Mailadresse, eventuell auch Ihre IP-Adresse und wenn sich jemand richtig M\u00fche gibt und den X-Header Ihrer E-Mail h\u00e4ndisch auswertet, kann er eventuell sogar sehen, wie der Computer hei\u00dft, von dem aus Sie die Nachricht geschrieben haben. Das ist keine Zauberei oder Hackerkunst, sondern ein Internet-Standard. Wer den lesen kann, kommt an diese Daten.\u00a0<a href=\"https:\/\/tools.ietf.org\/html\/rfc5322\">Das ist technisch bedingt<\/a>\u00a0 \u2013 und schon seit vielen Jahren so. Falls Sie mir ungefragt Ihre Daten zusenden, d\u00fcrfen Sie davon ausgehen, dass ich Ihre E-Mail genauso gut oder schlecht beh\u00fcte wie alle meine \u00fcbrigen E-Mails auch. Sollten Sie sich irgendwann mal \u00fcberlegen, dass ich die von Ihnen ungefragt zugesandte E-Mail l\u00f6schen soll, d\u00fcrfen Sie mich h\u00f6flich darum bitten \u2013 versprechen tue ich aber nichts. Hier gilt: <em>wenn Sie damit nicht leben k\u00f6nnen, senden Sie mir bitte keine E-Mail zu.<\/em><\/p>\n<p><em>Verwendung von Scriptbibliotheken (z.B. Google Webfonts)<\/em><\/p>\n<p>Um meine Inhalte browser\u00fcbergreifend korrekt und grafisch ansprechend darzustellen, verwende ich auf dieser Website Scriptbibliotheken und Schriftbibliotheken wie z. B. Google Webfonts (<em><a href=\"http:\/\/www.google.com\/webfonts\/\" target=\"_blank\" rel=\"noopener\">https:\/\/www.google.com\/webfonts\/<\/a>)<\/em>. Google Webfonts werden zur Vermeidung mehrfachen Ladens in den Cache Ihres Browsers \u00fcbertragen. Falls der Browser die Google Webfonts nicht unterst\u00fctzt oder den Zugriff unterbindet, werden Inhalte in einer Standardschrift angezeigt.<\/p>\n<p>Der Aufruf von Scriptbibliotheken oder Schriftbibliotheken l\u00f6st automatisch eine Verbindung zum Betreiber der Bibliothek aus. Dabei ist es theoretisch m\u00f6glich \u2013 aktuell allerdings auch unklar ob und ggf. zu welchen Zwecken \u2013 dass Betreiber entsprechender Bibliotheken Daten erheben. Die Datenschutzrichtlinie des Bibliothekbetreibers Google finden Sie hier:\u00a0<em><a href=\"https:\/\/www.google.com\/policies\/privacy\/\" target=\"_blank\" rel=\"noopener\">https:\/\/www.google.com\/policies\/privacy\/<\/a><\/em><\/p>\n<p>Vimeo &amp; Hinweise zur Einbindung von Videos<\/p>\n<p>Ich binde Videos von externen Seiten ein. Auch hier kommen Drittanbieter zum Einsatz. Durch die Einbindung der Clips kommt es \u2013 technisch bedingt \u2013\u00a0zu Aufrufen der Server des Anbieters\u00a0<a href=\"http:\/\/www.vimeo.com\/\">Vimeo<\/a>. F\u00fcr die evtl. damit verbundene Verwendung von Daten Ihres Browsers bzw. Endger\u00e4tes verweise ich auf die jeweiligen Datenschutzhinweise von Vimeo . Diese finden sie z.B. hier:\u00a0<a href=\"https:\/\/vimeo.com\/privacy\">https:\/\/vimeo.com\/privacy<\/a><\/p>\n<p><em>Cookies<\/em><\/p>\n<p>Sie wissen was ein Cookie ist? Nein? Ok, das k\u00f6nnen\u00a0<a href=\"https:\/\/de.wikipedia.org\/wiki\/HTTP-Cookie\">Sie hier nachlesen<\/a>. Manche Menschen haben Angst vor Cookies, weil sie glauben, dass man damit herausbekommen kann, wo sie (diese Menschen mit der Angst) gestern Abend im Internet unterwegs waren. Deswegen m\u00f6chte kaum jemand, dass eine Website Cookies speichert. De facto ist es aber so, dass Websites ohne Cookies heute kaum noch funktionieren. Und so lange nur First-Party-Cookies eingesetzt werden, ist das mit dem Tracking nicht m\u00f6glich. Diese Website nutzt auch ein Cookie \u2013 allerdings nur das \u201egute\u201c First-Party-Cookie. Third-Party-Cookies habe ich zumindest nicht bewusst in diese Website integriert. Sie k\u00f6nnen ja Ihren Browser so einstellen, dass Sie \u00fcber das Setzen von Cookies informiert werden und Cookies nur im Einzelfall erlauben, die Annahme von Cookies f\u00fcr bestimmte F\u00e4lle oder generell ausschlie\u00dfen sowie das automatische L\u00f6schen der Cookies beim Schlie\u00dfen des Browser aktivieren. Bei der Deaktivierung von Cookies ist die Funktionalit\u00e4t dieser Website eingeschr\u00e4nkt.<\/p>\n<p><em>Plugins<\/em><\/p>\n<p>Diese Website nutzt ein paar Plugins. Diese Plugins machen allerhand: ein paar beschleunigen die Website, ein anderes sorgt f\u00fcr sch\u00f6ne Optik, Fu\u00dfnoten, Foto und Videogalerie, oder besonders sch\u00f6ne Sitemaps, die dazu f\u00fchren, dass Sie diese Website \u00fcberhaupt finden konnten. Wie dem auch sei: nahezu jedes dieser Plugins sendet am langen Ende Ihre IP-Adresse an die Server, die ben\u00f6tigt werden, damit Sie hier eine h\u00fcbsche Website sehen k\u00f6nnen. Habe ich mit jedem dieser Plugin-Anbieter einen Auftragsverarbeitungsvertrag? Na, was meinen Sie? Ich verrate es Ihnen: Nein! Und warum? Weil das v\u00f6lliger Quatsch ist. Oder wollen Sie mir jetzt ernsthaft nahelegen, ich solle auf meiner, von mir selbst bezahlten und v\u00f6llig werbefrei gehaltenen Webseite, die ich in meiner Freizeit mit viel Liebe best\u00fccke, nun wirklich losgehen und zu jedem Plugin was ich hier nutzen will einen umfangreichen Auftragsverarbeitungsvertrag abschlie\u00dfen? Wenn Sie dies alles nicht wollen, dann kommen Sie doch bitte einfach nicht hier her.<\/p>\n<p><em>Recht auf Beschwerde bei der zust\u00e4ndigen Aufsichtsbeh\u00f6rde<\/em><\/p>\n<p>Als Betroffener steht Ihnen im Falle eines datenschutzrechtlichen Versto\u00dfes ein Beschwerderecht bei der zust\u00e4ndigen Aufsichtsbeh\u00f6rde zu. Zust\u00e4ndige Aufsichtsbeh\u00f6rde bez\u00fcglich datenschutzrechtlicher Fragen ist der Landesdatenschutzbeauftragte des Bundeslandes, in dem sich der Sitz unseres Unternehmens befindet. Der folgende Link stellt eine Liste der Datenschutzbeauftragten sowie deren Kontaktdaten bereit:\u00a0<a href=\"https:\/\/www.bfdi.bund.de\/DE\/Infothek\/Anschriften_Links\/anschriften_links-node.html.\"><em>https:\/\/www.bfdi.bund.de\/DE\/Infothek\/Anschriften_Links\/anschriften_links-node.html.<\/em><\/a><\/p>\n<p><em>Widerruf Ihrer Einwilligung zur Datenverarbeitung<\/em><\/p>\n<p>Viele Datenverarbeitungsvorg\u00e4nge sind nur mit Ihrer ausdr\u00fccklichen Einwilligung m\u00f6glich. Sie k\u00f6nnen eine bereits erteilte Einwilligung jederzeit widerrufen. Dazu reicht eine formlose Mitteilung per E-Mail an uns. Die Rechtm\u00e4\u00dfigkeit der bis zum Widerruf erfolgten Datenverarbeitung bleibt vom Widerruf unber\u00fchrt.<\/p>\n<p><em>Recht auf Daten\u00fcbertragbarkeit<\/em><\/p>\n<p>Ihnen steht das Recht zu, Daten, die ich auf Grundlage Ihrer Einwilligung oder in Erf\u00fcllung eines Vertrags automatisiert verarbeiten, an sich oder an Dritte aush\u00e4ndigen zu lassen. Die Bereitstellung erfolgt in einem maschinenlesbaren Format. Sofern Sie die direkte \u00dcbertragung der Daten an einen anderen Verantwortlichen verlangen, erfolgt dies nur, soweit es technisch machbar ist.<\/p>\n<p><em>Recht auf Auskunft, Berichtigung, Sperrung, L\u00f6schung<\/em><\/p>\n<p>Sie haben jederzeit im Rahmen der geltenden gesetzlichen Bestimmungen das Recht auf unentgeltliche Auskunft \u00fcber Ihre gespeicherten personenbezogenen Daten, Herkunft der Daten, deren Empf\u00e4nger und den Zweck der Datenverarbeitung und ggf. ein Recht auf Berichtigung, Sperrung oder L\u00f6schung dieser Daten. Diesbez\u00fcglich und auch zu weiteren Fragen zum Thema personenbezogene Daten k\u00f6nnen Sie sich jederzeit \u00fcber die im Impressum aufgef\u00fchrten Kontaktm\u00f6glichkeiten an mich wenden.<\/p>\n<p><em>Abmahnungen<\/em><\/p>\n<p>Bevor Sie mich wegen eventuell fehlender, unvollst\u00e4ndiger oder nicht ausreichend durchdrungener Aspekte der DSGVO abmahnen, ber\u00fccksichtigen Sie bitte die Worte der zur Einf\u00fchrung der Verordnung zust\u00e4ndigen EU-Justizkommissarin V\u011bra Jourov\u00e1.\u00a0<a href=\"https:\/\/www.zeit.de\/amp\/digital\/datenschutz\/2018-05\/vera-jourova-eu-kommissarin-datenschutz-grundverordnung-dsgvo?__twitter_impression=true\">Die sagte in einem Interview mit der ZEIT w\u00f6rtlich<\/a>: \u201eEs geht [bei der DSGVO] um gesunden Menschenverstand und Verh\u00e4ltnism\u00e4\u00dfigkeit. Wenn Ihnen jemand eine E-Mail schreibt und Ihnen zugesteht, dass Sie seine Daten verwenden d\u00fcrfen, dann ist doch klar, dass er Ihnen eine Einwilligung erteilt. Im \u00dcbrigen sanktionieren die Datenschutzbeauftragten nicht nur, sondern beraten auch. Meine Prognose ist, dass sich die Beh\u00f6rden auf die Anbieter konzentrieren, die den gr\u00f6\u00dften Schaden verursachen k\u00f6nnen, die die meisten Daten verarbeiten.\u201c<\/p>\n<p>Dar\u00fcber hinaus verweise ich hier auch gerne auf eine Aussage des deutschen \u201eVaters\u201c der DSGVO, Jan Philipp Albrecht.\u00a0<a href=\"https:\/\/www.janalbrecht.eu\/2018\/05\/dsgvo-haeufig-gestellte-fragen-haeufig-verbreitete-mythen\/\">Er schreibt in seinem Blog w\u00f6rtlich<\/a>: \u201eWas hingegen nicht eintreten wird, ist dass [\u2026] die Aufsichtsbeh\u00f6rden und irgendwelche Abmahnanw\u00e4lte pl\u00f6tzlich eine ganz andere Gangart gegen\u00fcber all den kleinen Unternehmen, Einzelunternehmern, Vereinen und Bloggern einlegen werden.\u201c Sie d\u00fcrfen davon ausgehen, dass ich beiden Akteuren im Falle einer Abmahnung hiervon berichten werde.<\/p>\n<p><a><strong>\u2190 ZUR\u00dcCK \/ BACK<\/strong><\/a><\/p>\n","protected":false},"excerpt":{"rendered":"<p>\u2190 ZUR\u00dcCK \/ BACK INHALTLICH VERANTWORTLICH: Frau Siri Klug Knorrpromenade 7 10245 Berlin \/ Germany Email: info@siriklug.com UmStIdNr:DE264057703 URHEBERRECHT Die [&hellip;]<\/p>\n","protected":false},"author":10000,"featured_media":0,"parent":0,"menu_order":0,"comment_status":"closed","ping_status":"closed","template":"","meta":{"footnotes":""},"class_list":["post-87","page","type-page","status-publish","hentry"],"_links":{"self":[{"href":"https:\/\/siriklug.com\/index.php?rest_route=\/wp\/v2\/pages\/87","targetHints":{"allow":["GET"]}}],"collection":[{"href":"https:\/\/siriklug.com\/index.php?rest_route=\/wp\/v2\/pages"}],"about":[{"href":"https:\/\/siriklug.com\/index.php?rest_route=\/wp\/v2\/types\/page"}],"author":[{"embeddable":true,"href":"https:\/\/siriklug.com\/index.php?rest_route=\/wp\/v2\/users\/10000"}],"replies":[{"embeddable":true,"href":"https:\/\/siriklug.com\/index.php?rest_route=%2Fwp%2Fv2%2Fcomments&post=87"}],"version-history":[{"count":8,"href":"https:\/\/siriklug.com\/index.php?rest_route=\/wp\/v2\/pages\/87\/revisions"}],"predecessor-version":[{"id":497,"href":"https:\/\/siriklug.com\/index.php?rest_route=\/wp\/v2\/pages\/87\/revisions\/497"}],"wp:attachment":[{"href":"https:\/\/siriklug.com\/index.php?rest_route=%2Fwp%2Fv2%2Fmedia&parent=87"}],"curies":[{"name":"wp","href":"https:\/\/api.w.org\/{rel}","templated":true}]}}